{"id":116,"date":"2024-08-26T21:03:41","date_gmt":"2024-08-26T19:03:41","guid":{"rendered":"https:\/\/bhcmini.businessheroclub.hu\/?post_type=product&#038;p=116"},"modified":"2024-08-26T21:03:41","modified_gmt":"2024-08-26T19:03:41","slug":"teszt-belepo-termek","status":"publish","type":"product","link":"https:\/\/bhcmini.businessheroclub.hu\/?product=teszt-belepo-termek","title":{"rendered":"Teszt Bel\u00e9p\u0151 Term\u00e9k"},"content":{"rendered":"<p>Teszt Bel\u00e9p\u0151 Term\u00e9k<\/p>\n","protected":false},"excerpt":{"rendered":"<p>Teszt Bel\u00e9p\u0151 Term\u00e9k<\/p>\n","protected":false},"featured_media":0,"comment_status":"open","ping_status":"closed","template":"","meta":{"order-bump-settings":[],"_wpfnl_thankyou_order_overview":"on","_wpfnl_thankyou_order_details":"on","_wpfnl_thankyou_billing_details":"on","_wpfnl_thankyou_shipping_details":"on"},"product_brand":[],"product_cat":[18],"product_tag":[],"class_list":{"0":"post-116","1":"product","2":"type-product","3":"status-publish","5":"product_cat-belepo-termek","7":"first","8":"instock","9":"downloadable","10":"virtual","11":"taxable","12":"purchasable","13":"product-type-simple"},"_links":{"self":[{"href":"https:\/\/bhcmini.businessheroclub.hu\/index.php?rest_route=\/wp\/v2\/product\/116","targetHints":{"allow":["GET"]}}],"collection":[{"href":"https:\/\/bhcmini.businessheroclub.hu\/index.php?rest_route=\/wp\/v2\/product"}],"about":[{"href":"https:\/\/bhcmini.businessheroclub.hu\/index.php?rest_route=\/wp\/v2\/types\/product"}],"replies":[{"embeddable":true,"href":"https:\/\/bhcmini.businessheroclub.hu\/index.php?rest_route=%2Fwp%2Fv2%2Fcomments&post=116"}],"wp:attachment":[{"href":"https:\/\/bhcmini.businessheroclub.hu\/index.php?rest_route=%2Fwp%2Fv2%2Fmedia&parent=116"}],"wp:term":[{"taxonomy":"product_brand","embeddable":true,"href":"https:\/\/bhcmini.businessheroclub.hu\/index.php?rest_route=%2Fwp%2Fv2%2Fproduct_brand&post=116"},{"taxonomy":"product_cat","embeddable":true,"href":"https:\/\/bhcmini.businessheroclub.hu\/index.php?rest_route=%2Fwp%2Fv2%2Fproduct_cat&post=116"},{"taxonomy":"product_tag","embeddable":true,"href":"https:\/\/bhcmini.businessheroclub.hu\/index.php?rest_route=%2Fwp%2Fv2%2Fproduct_tag&post=116"}],"curies":[{"name":"wp","href":"https:\/\/api.w.org\/{rel}","templated":true}]}}